{"id":191,"date":"2022-11-23T21:20:47","date_gmt":"2022-11-23T21:20:47","guid":{"rendered":"https:\/\/am-detailing.com\/blog\/home-1\/"},"modified":"2023-10-21T18:00:59","modified_gmt":"2023-10-21T16:00:59","slug":"home-1","status":"publish","type":"page","link":"https:\/\/am-detailing.com\/blog\/","title":{"rendered":"Home 1"},"content":{"rendered":"<div class=\"wpb-content-wrapper\"><p>[vc_row vc_row_background=\u00a0\u00bb\u00a0\u00bb css=\u00a0\u00bb.vc_custom_1518582785577{margin-top: -20px !important;}\u00a0\u00bb][vc_column]<div  class=\"jeg_slider_wrapper jeg_slider_type_4_wrapper jeg_owlslider jnews_module__0_69f69c9fdca1d  radius\">\n                    <div class=\"jeg_slider_type_4 jeg_slider\" data-autoplay=\"\" data-delay=\"3000\">\n                        <div class=\"jeg_slide_item_wrapper\"><div class=\"jeg_slide_item format-standard\" style=\"background-image: url(https:\/\/am-detailing.com\/blog\/wp-content\/uploads\/2025\/12\/destock_auto_finesse2025.jpg)\">\n\t\t\t\t\t\n                    \n                    <div class=\"jeg_slide_caption\">\n                        <div class=\"jeg_caption_container\">\n                            <div class=\"jeg_post_category\">\n                                <a href=\"https:\/\/am-detailing.com\/blog\/category\/actualites\/\" class=\"category-actualites\">Actualit\u00e9s<\/a>\n                            <\/div>\n                            <h2 class=\"jeg_post_title\">\n                                <a href=\"https:\/\/am-detailing.com\/blog\/2025\/12\/17\/destockage-exceptionnel-auto-finesse\/\">D\u00e9stockage exceptionnel : -35% sur toute la gamme Auto Finesse chez AM-Detailing<\/a>\n                            <\/h2>\n                            <div class=\"jeg_post_meta\"><span class=\"jeg_meta_author\">par <a href=\"https:\/\/am-detailing.com\/blog\/author\/nathanpaternotte\/\">nathanpaternotte<\/a><\/span><span class=\"jeg_meta_date\">17 d\u00e9cembre 2025<\/span><\/div>\n                        <\/div>\n                    <\/div>\n                <\/div><\/div><div class=\"jeg_slide_item_wrapper\"><div class=\"jeg_slide_item format-standard\" style=\"background-image: url(https:\/\/am-detailing.com\/blog\/wp-content\/uploads\/2024\/12\/DSC0872.jpg)\">\n\t\t\t\t\t\n                    \n                    <div class=\"jeg_slide_caption\">\n                        <div class=\"jeg_caption_container\">\n                            <div class=\"jeg_post_category\">\n                                <a href=\"https:\/\/am-detailing.com\/blog\/category\/guides\/\" class=\"category-guides\">Guides<\/a>\n                            <\/div>\n                            <h2 class=\"jeg_post_title\">\n                                <a href=\"https:\/\/am-detailing.com\/blog\/2024\/12\/02\/comment-nettoyer-capote-cabriolet-proteger\/\">Comment nettoyer la capote d&rsquo;un cabriolet et la prot\u00e9ger ?<\/a>\n                            <\/h2>\n                            <div class=\"jeg_post_meta\"><span class=\"jeg_meta_author\">par <a href=\"https:\/\/am-detailing.com\/blog\/author\/nathanpaternotte\/\">nathanpaternotte<\/a><\/span><span class=\"jeg_meta_date\">2 d\u00e9cembre 2024<\/span><\/div>\n                        <\/div>\n                    <\/div>\n                <\/div><\/div><div class=\"jeg_slide_item_wrapper\"><div class=\"jeg_slide_item format-standard\" style=\"background-image: url(https:\/\/am-detailing.com\/blog\/wp-content\/uploads\/2024\/10\/DSC4332.jpg)\">\n\t\t\t\t\t\n                    \n                    <div class=\"jeg_slide_caption\">\n                        <div class=\"jeg_caption_container\">\n                            <div class=\"jeg_post_category\">\n                                <a href=\"https:\/\/am-detailing.com\/blog\/category\/academie\/\" class=\"category-academie\">Acad\u00e9mie<\/a>\n                            <\/div>\n                            <h2 class=\"jeg_post_title\">\n                                <a href=\"https:\/\/am-detailing.com\/blog\/2024\/10\/11\/comment-nettoyer-volant-cuir\/\">Comment nettoyer un volant en cuir ?<\/a>\n                            <\/h2>\n                            <div class=\"jeg_post_meta\"><span class=\"jeg_meta_author\">par <a href=\"https:\/\/am-detailing.com\/blog\/author\/nathanpaternotte\/\">nathanpaternotte<\/a><\/span><span class=\"jeg_meta_date\">11 octobre 2024<\/span><\/div>\n                        <\/div>\n                    <\/div>\n                <\/div><\/div>\n                    <\/div>\n                <\/div>[\/vc_column][\/vc_row][vc_row vc_row_background=\u00a0\u00bb\u00a0\u00bb][vc_column width=\u00a0\u00bb1\/3&Prime; el_class=\u00a0\u00bbradius\u00a0\u00bb]<div  class=\"jeg_blocklink jeg_col_2o3 jnews_module__1_69f69c9fdf739  radius\">\n                <a href=\"https:\/\/am-detailing.com\" target=\"_blank\">\n                    <div class=\"jeg_block_container\">\n                        <div class=\"jeg_block_bg\">\n                            <div class=\"bg\" style=\"background-image:url('https:\/\/am-detailing.com\/blog\/wp-content\/uploads\/2023\/01\/banner-blog-boutique-1.jpg')\"><\/div>\n                            \n                        <\/div>\n                        <div class=\"jeg_block_content\">\n                            <div>\n                                <h3>LA BOUTIQUE<\/h3>\n                                <span>Notre catalogue<\/span>\n                            <\/div>\n                        <\/div>\n                    <\/div>\n                <\/a>\n            <\/div>[\/vc_column][vc_column width=\u00a0\u00bb1\/3&Prime;]<div  class=\"jeg_blocklink jeg_col_2o3 jnews_module__2_69f69c9fdf862  radius\">\n                <a href=\"https:\/\/www.instagram.com\/amdetailing_com\/?hl=fr\" target=\"_blank\">\n                    <div class=\"jeg_block_container\">\n                        <div class=\"jeg_block_bg\">\n                            <div class=\"bg\" style=\"background-image:url('https:\/\/am-detailing.com\/blog\/wp-content\/uploads\/2023\/01\/banner-blog-instagram-1.jpg')\"><\/div>\n                            \n                        <\/div>\n                        <div class=\"jeg_block_content\">\n                            <div>\n                                <h3>Instagram<\/h3>\n                                <span>Restez connect\u00e9<\/span>\n                            <\/div>\n                        <\/div>\n                    <\/div>\n                <\/a>\n            <\/div>[\/vc_column][vc_column width=\u00a0\u00bb1\/3&Prime;]<div  class=\"jeg_blocklink jeg_col_2o3 jnews_module__3_69f69c9fdf972  radius\">\n                <a href=\"https:\/\/am-detailing.com\/blog\/academie\/etapes-detailing\/\" target=\"_blank\">\n                    <div class=\"jeg_block_container\">\n                        <div class=\"jeg_block_bg\">\n                            <div class=\"bg\" style=\"background-image:url('https:\/\/am-detailing.com\/blog\/wp-content\/uploads\/2023\/01\/AM-Detailing-academy-1.jpg')\"><\/div>\n                            \n                        <\/div>\n                        <div class=\"jeg_block_content\">\n                            <div>\n                                <h3>Acad\u00e9mie<\/h3>\n                                <span>Nos conseils & astuces<\/span>\n                            <\/div>\n                        <\/div>\n                    <\/div>\n                <\/a>\n            <\/div>[\/vc_column][\/vc_row][vc_row vc_row_background=\u00a0\u00bb\u00a0\u00bb][vc_column width=\u00a0\u00bb2\/3&Prime;]<div  class=\"jeg_postblock_3 jeg_postblock jeg_module_hook jeg_pagination_disable jeg_col_2o3 jnews_module__4_69f69c9fdfff6   \" data-unique=\"jnews_module__4_69f69c9fdfff6\">\n\t\t\t\t\t\n\t\t\t\t\t<div class=\"jeg_posts jeg_block_container\">\n                \n                <div class=\"jeg_posts jeg_load_more_flag\">\n                <article class=\"jeg_post jeg_pl_md_2 format-standard\">\n                <div class=\"jeg_thumb\">\n                    \n                    <a href=\"https:\/\/am-detailing.com\/blog\/2024\/06\/03\/quelle-protection-ceramique-pour-une-peinture-matte\/\"><div class=\"thumbnail-container animate-lazy  size-715 \"><img decoding=\"async\" width=\"350\" height=\"250\" src=\"https:\/\/am-detailing.com\/blog\/wp-content\/themes\/jnews\/assets\/img\/jeg-empty.png\" class=\"attachment-jnews-350x250 size-jnews-350x250 lazyload wp-post-image\" alt=\"Quelle protection c\u00e9ramique pour une peinture mate ?\" sizes=\"(max-width: 350px) 100vw, 350px\" data-src=\"https:\/\/am-detailing.com\/blog\/wp-content\/uploads\/2024\/06\/NP_8631-350x250.jpg\" data-srcset=\"https:\/\/am-detailing.com\/blog\/wp-content\/uploads\/2024\/06\/NP_8631-350x250.jpg 350w, https:\/\/am-detailing.com\/blog\/wp-content\/uploads\/2024\/06\/NP_8631-120x86.jpg 120w, https:\/\/am-detailing.com\/blog\/wp-content\/uploads\/2024\/06\/NP_8631-750x536.jpg 750w, https:\/\/am-detailing.com\/blog\/wp-content\/uploads\/2024\/06\/NP_8631-1140x815.jpg 1140w\" data-sizes=\"auto\" data-expand=\"700\" \/><\/div><\/a>\n                <\/div>\n                <div class=\"jeg_postblock_content\">\n                    <h3 class=\"jeg_post_title\">\n                        <a href=\"https:\/\/am-detailing.com\/blog\/2024\/06\/03\/quelle-protection-ceramique-pour-une-peinture-matte\/\">Quelle protection c\u00e9ramique pour une peinture mate ?<\/a>\n                    <\/h3>\n                    <div class=\"jeg_post_meta\"><div class=\"jeg_meta_author\"><span class=\"by\">par<\/span> <a href=\"https:\/\/am-detailing.com\/blog\/author\/nathanpaternotte\/\">nathanpaternotte<\/a><\/div><div class=\"jeg_meta_date\"><a href=\"https:\/\/am-detailing.com\/blog\/2024\/06\/03\/quelle-protection-ceramique-pour-une-peinture-matte\/\"><i class=\"fa fa-clock-o\"><\/i> 3 juin 2024<\/a><\/div><div class=\"jeg_meta_comment\"><a href=\"https:\/\/am-detailing.com\/blog\/2024\/06\/03\/quelle-protection-ceramique-pour-une-peinture-matte\/#comments\" ><i class=\"fa fa-comment-o\"><\/i> 0 <\/a><\/div><\/div>\n                    <div class=\"jeg_post_excerpt\">\n                        <p>A la mode depuis quelques ann\u00e9es, les voitures dot\u00e9es d'une peinture (ou film) mate doivent b\u00e9n\u00e9ficier d'un entretien particulier pour...<\/p>\n                    <\/div>\n                <\/div>\n            <\/article><article class=\"jeg_post jeg_pl_md_2 format-standard\">\n                <div class=\"jeg_thumb\">\n                    \n                    <a href=\"https:\/\/am-detailing.com\/blog\/2023\/11\/12\/quel-souffleur-blo-choisir-pour-ma-voiture\/\"><div class=\"thumbnail-container animate-lazy  size-715 \"><img decoding=\"async\" width=\"350\" height=\"250\" src=\"https:\/\/am-detailing.com\/blog\/wp-content\/themes\/jnews\/assets\/img\/jeg-empty.png\" class=\"attachment-jnews-350x250 size-jnews-350x250 lazyload wp-post-image\" alt=\"Quel souffleur BLO choisir pour ma voiture ?\" sizes=\"(max-width: 350px) 100vw, 350px\" data-src=\"https:\/\/am-detailing.com\/blog\/wp-content\/uploads\/2023\/11\/NP_1274-e1699809825745-350x250.jpg\" data-srcset=\"https:\/\/am-detailing.com\/blog\/wp-content\/uploads\/2023\/11\/NP_1274-e1699809825745-350x250.jpg 350w, https:\/\/am-detailing.com\/blog\/wp-content\/uploads\/2023\/11\/NP_1274-e1699809825745-120x86.jpg 120w, https:\/\/am-detailing.com\/blog\/wp-content\/uploads\/2023\/11\/NP_1274-e1699809825745-750x536.jpg 750w, https:\/\/am-detailing.com\/blog\/wp-content\/uploads\/2023\/11\/NP_1274-e1699809825745-1140x815.jpg 1140w\" data-sizes=\"auto\" data-expand=\"700\" \/><\/div><\/a>\n                <\/div>\n                <div class=\"jeg_postblock_content\">\n                    <h3 class=\"jeg_post_title\">\n                        <a href=\"https:\/\/am-detailing.com\/blog\/2023\/11\/12\/quel-souffleur-blo-choisir-pour-ma-voiture\/\">Quel souffleur BLO choisir pour ma voiture ?<\/a>\n                    <\/h3>\n                    <div class=\"jeg_post_meta\"><div class=\"jeg_meta_author\"><span class=\"by\">par<\/span> <a href=\"https:\/\/am-detailing.com\/blog\/author\/nathanpaternotte\/\">nathanpaternotte<\/a><\/div><div class=\"jeg_meta_date\"><a href=\"https:\/\/am-detailing.com\/blog\/2023\/11\/12\/quel-souffleur-blo-choisir-pour-ma-voiture\/\"><i class=\"fa fa-clock-o\"><\/i> 6 mai 2025<\/a><\/div><div class=\"jeg_meta_comment\"><a href=\"https:\/\/am-detailing.com\/blog\/2023\/11\/12\/quel-souffleur-blo-choisir-pour-ma-voiture\/#comments\" ><i class=\"fa fa-comment-o\"><\/i> 0 <\/a><\/div><\/div>\n                    <div class=\"jeg_post_excerpt\">\n                        <p>Depuis plusieurs ann\u00e9es, les souffleurs de s\u00e9chage auto\/moto se retrouvent dans de plus en plus de garages. En tant que...<\/p>\n                    <\/div>\n                <\/div>\n            <\/article><article class=\"jeg_post jeg_pl_md_2 format-standard\">\n                <div class=\"jeg_thumb\">\n                    \n                    <a href=\"https:\/\/am-detailing.com\/blog\/2023\/08\/24\/test-du-fly-away-liquid-elements\/\"><div class=\"thumbnail-container animate-lazy  size-715 \"><img decoding=\"async\" width=\"350\" height=\"250\" src=\"https:\/\/am-detailing.com\/blog\/wp-content\/themes\/jnews\/assets\/img\/jeg-empty.png\" class=\"attachment-jnews-350x250 size-jnews-350x250 lazyload wp-post-image\" alt=\"Test du Fly Away Liquid Elements\" sizes=\"(max-width: 350px) 100vw, 350px\" data-src=\"https:\/\/am-detailing.com\/blog\/wp-content\/uploads\/2023\/08\/fly-away-2-350x250.jpg\" data-srcset=\"https:\/\/am-detailing.com\/blog\/wp-content\/uploads\/2023\/08\/fly-away-2-350x250.jpg 350w, https:\/\/am-detailing.com\/blog\/wp-content\/uploads\/2023\/08\/fly-away-2-120x86.jpg 120w, https:\/\/am-detailing.com\/blog\/wp-content\/uploads\/2023\/08\/fly-away-2-750x536.jpg 750w, https:\/\/am-detailing.com\/blog\/wp-content\/uploads\/2023\/08\/fly-away-2-1140x815.jpg 1140w\" data-sizes=\"auto\" data-expand=\"700\" \/><\/div><\/a>\n                <\/div>\n                <div class=\"jeg_postblock_content\">\n                    <h3 class=\"jeg_post_title\">\n                        <a href=\"https:\/\/am-detailing.com\/blog\/2023\/08\/24\/test-du-fly-away-liquid-elements\/\">Test du Fly Away Liquid Elements<\/a>\n                    <\/h3>\n                    <div class=\"jeg_post_meta\"><div class=\"jeg_meta_author\"><span class=\"by\">par<\/span> <a href=\"https:\/\/am-detailing.com\/blog\/author\/nathanpaternotte\/\">nathanpaternotte<\/a><\/div><div class=\"jeg_meta_date\"><a href=\"https:\/\/am-detailing.com\/blog\/2023\/08\/24\/test-du-fly-away-liquid-elements\/\"><i class=\"fa fa-clock-o\"><\/i> 21 octobre 2024<\/a><\/div><div class=\"jeg_meta_comment\"><a href=\"https:\/\/am-detailing.com\/blog\/2023\/08\/24\/test-du-fly-away-liquid-elements\/#comments\" ><i class=\"fa fa-comment-o\"><\/i> 0 <\/a><\/div><\/div>\n                    <div class=\"jeg_post_excerpt\">\n                        <p>L'\u00e9t\u00e9 est l\u00e0, et avec lui vient une ribambelle d'aventures sur la route. Que vous pr\u00e9voyiez de traverser des paysages...<\/p>\n                    <\/div>\n                <\/div>\n            <\/article><article class=\"jeg_post jeg_pl_md_2 format-standard\">\n                <div class=\"jeg_thumb\">\n                    \n                    <a href=\"https:\/\/am-detailing.com\/blog\/2023\/07\/07\/quelles-differences-entre-un-nettoyant-jantes-classique-et-un-decontaminant-ferreux\/\"><div class=\"thumbnail-container animate-lazy  size-715 \"><img decoding=\"async\" width=\"350\" height=\"250\" src=\"https:\/\/am-detailing.com\/blog\/wp-content\/themes\/jnews\/assets\/img\/jeg-empty.png\" class=\"attachment-jnews-350x250 size-jnews-350x250 lazyload wp-post-image\" alt=\"Quelles diff\u00e9rences entre un nettoyant jantes classique et un d\u00e9contaminant ferreux ?\" sizes=\"(max-width: 350px) 100vw, 350px\" data-src=\"https:\/\/am-detailing.com\/blog\/wp-content\/uploads\/2023\/07\/DSC2406-350x250.jpg\" data-srcset=\"https:\/\/am-detailing.com\/blog\/wp-content\/uploads\/2023\/07\/DSC2406-350x250.jpg 350w, https:\/\/am-detailing.com\/blog\/wp-content\/uploads\/2023\/07\/DSC2406-120x86.jpg 120w, https:\/\/am-detailing.com\/blog\/wp-content\/uploads\/2023\/07\/DSC2406-750x536.jpg 750w, https:\/\/am-detailing.com\/blog\/wp-content\/uploads\/2023\/07\/DSC2406-1140x815.jpg 1140w\" data-sizes=\"auto\" data-expand=\"700\" \/><\/div><\/a>\n                <\/div>\n                <div class=\"jeg_postblock_content\">\n                    <h3 class=\"jeg_post_title\">\n                        <a href=\"https:\/\/am-detailing.com\/blog\/2023\/07\/07\/quelles-differences-entre-un-nettoyant-jantes-classique-et-un-decontaminant-ferreux\/\">Quelles diff\u00e9rences entre un nettoyant jantes classique et un d\u00e9contaminant ferreux ?<\/a>\n                    <\/h3>\n                    <div class=\"jeg_post_meta\"><div class=\"jeg_meta_author\"><span class=\"by\">par<\/span> <a href=\"https:\/\/am-detailing.com\/blog\/author\/nathanpaternotte\/\">nathanpaternotte<\/a><\/div><div class=\"jeg_meta_date\"><a href=\"https:\/\/am-detailing.com\/blog\/2023\/07\/07\/quelles-differences-entre-un-nettoyant-jantes-classique-et-un-decontaminant-ferreux\/\"><i class=\"fa fa-clock-o\"><\/i> 7 juillet 2023<\/a><\/div><div class=\"jeg_meta_comment\"><a href=\"https:\/\/am-detailing.com\/blog\/2023\/07\/07\/quelles-differences-entre-un-nettoyant-jantes-classique-et-un-decontaminant-ferreux\/#comments\" ><i class=\"fa fa-comment-o\"><\/i> 0 <\/a><\/div><\/div>\n                    <div class=\"jeg_post_excerpt\">\n                        <p>Depuis plusieurs ann\u00e9es, le d\u00e9contaminant ferreux s'est cr\u00e9\u00e9 une solide r\u00e9putation dans le nettoyage des jantes. Initialement d\u00e9velopp\u00e9 pour un...<\/p>\n                    <\/div>\n                <\/div>\n            <\/article>\n            <\/div>\n                <div class='module-overlay'>\n\t\t\t\t    <div class='preloader_type preloader_dot'>\n\t\t\t\t        <div class=\"module-preloader jeg_preloader dot\">\n\t\t\t\t            <span><\/span><span><\/span><span><\/span>\n\t\t\t\t        <\/div>\n\t\t\t\t        <div class=\"module-preloader jeg_preloader circle\">\n\t\t\t\t            <div class=\"jnews_preloader_circle_outer\">\n\t\t\t\t                <div class=\"jnews_preloader_circle_inner\"><\/div>\n\t\t\t\t            <\/div>\n\t\t\t\t        <\/div>\n\t\t\t\t        <div class=\"module-preloader jeg_preloader square\">\n\t\t\t\t            <div class=\"jeg_square\">\n\t\t\t\t                <div class=\"jeg_square_inner\"><\/div>\n\t\t\t\t            <\/div>\n\t\t\t\t        <\/div>\n\t\t\t\t    <\/div>\n\t\t\t\t<\/div>\n            <\/div>\n            <div class=\"jeg_block_navigation\">\n                <div class='navigation_overlay'><div class='module-preloader jeg_preloader'><span><\/span><span><\/span><span><\/span><\/div><\/div>\n                \n                \n            <\/div>\n\t\t\t\t\t\n\t\t\t\t\t<script>var jnews_module__4_69f69c9fdfff6 = {\"header_icon\":\"\",\"first_title\":\"\",\"second_title\":\"\",\"url\":\"\",\"header_type\":\"heading_6\",\"header_background\":\"\",\"header_secondary_background\":\"\",\"header_text_color\":\"\",\"header_line_color\":\"\",\"header_accent_color\":\"\",\"header_filter_category\":\"\",\"header_filter_author\":\"\",\"header_filter_tag\":\"\",\"header_filter_text\":\"All\",\"post_type\":\"post\",\"content_type\":\"all\",\"sponsor\":false,\"number_post\":\"4\",\"post_offset\":\"3\",\"unique_content\":\"disable\",\"include_post\":\"\",\"included_only\":\"\",\"exclude_post\":\"\",\"include_category\":\"\",\"exclude_category\":\"\",\"include_author\":\"\",\"include_tag\":\"\",\"exclude_tag\":\"\",\"sort_by\":\"latest\",\"date_format\":\"default\",\"date_format_custom\":\"Y\\\/m\\\/d\",\"excerpt_length\":\"20\",\"excerpt_ellipsis\":\"...\",\"force_normal_image_load\":\"\",\"pagination_mode\":\"disable\",\"pagination_nextprev_showtext\":\"\",\"pagination_number_post\":4,\"pagination_scroll_limit\":0,\"ads_type\":\"disable\",\"ads_position\":1,\"ads_random\":\"\",\"ads_image\":\"\",\"ads_image_tablet\":\"\",\"ads_image_phone\":\"\",\"ads_image_link\":\"\",\"ads_image_alt\":\"\",\"ads_image_new_tab\":\"\",\"google_publisher_id\":\"\",\"google_slot_id\":\"\",\"google_desktop\":\"auto\",\"google_tab\":\"auto\",\"google_phone\":\"auto\",\"content\":\"\",\"ads_bottom_text\":\"\",\"boxed\":\"\",\"boxed_shadow\":\"\",\"el_id\":\"\",\"el_class\":\"\",\"scheme\":\"\",\"column_width\":\"auto\",\"title_color\":\"\",\"accent_color\":\"\",\"alt_color\":\"\",\"excerpt_color\":\"\",\"css\":\"\",\"compatible_column_notice\":\"\",\"paged\":1,\"column_class\":\"jeg_col_2o3\",\"class\":\"jnews_block_3\"};<\/script>\n\t\t\t\t<\/div>[\/vc_column][vc_column width=\u00a0\u00bb1\/3&Prime; sticky_sidebar=\u00a0\u00bbyes\u00a0\u00bb set_as_sidebar=\u00a0\u00bbyes\u00a0\u00bb][vc_widget_sidebar sidebar_id=\u00a0\u00bbdefault-sidebar\u00a0\u00bb][\/vc_column][\/vc_row]<\/p>\n<\/div>","protected":false},"excerpt":{"rendered":"<p>[vc_row vc_row_background=\u00a0\u00bb\u00a0\u00bb css=\u00a0\u00bb.vc_custom_1518582785577{margin-top: -20px !important;}\u00a0\u00bb][vc_column][\/vc_column][\/vc_row][vc_row vc_row_background=\u00a0\u00bb\u00a0\u00bb][vc_column width=\u00a0\u00bb1\/3&Prime; el_class=\u00a0\u00bbradius\u00a0\u00bb][\/vc_column][vc_column width=\u00a0\u00bb1\/3&Prime;][\/vc_column][vc_column width=\u00a0\u00bb1\/3&Prime;][\/vc_column][\/vc_row][vc_row vc_row_background=\u00a0\u00bb\u00a0\u00bb][vc_column width=\u00a0\u00bb2\/3&Prime;][\/vc_column][vc_column width=\u00a0\u00bb1\/3&Prime; sticky_sidebar=\u00a0\u00bbyes\u00a0\u00bb set_as_sidebar=\u00a0\u00bbyes\u00a0\u00bb][vc_widget_sidebar sidebar_id=\u00a0\u00bbdefault-sidebar\u00a0\u00bb][\/vc_column][\/vc_row]<\/p>\n","protected":false},"author":1,"featured_media":0,"parent":0,"menu_order":0,"comment_status":"closed","ping_status":"closed","template":"template-builder.php","meta":{"_seopress_robots_primary_cat":"","_seopress_titles_title":"Blog officiel AM-Detailing - Actus detailing, tutos, ...","_seopress_titles_desc":"Toute l&#039;actualit\u00e9 de la boutique et de l&#039;univers du detailing sur le blog AM-Detailing.","_seopress_robots_index":"","footnotes":""},"class_list":["post-191","page","type-page","status-publish","hentry"],"_links":{"self":[{"href":"https:\/\/am-detailing.com\/blog\/wp-json\/wp\/v2\/pages\/191","targetHints":{"allow":["GET"]}}],"collection":[{"href":"https:\/\/am-detailing.com\/blog\/wp-json\/wp\/v2\/pages"}],"about":[{"href":"https:\/\/am-detailing.com\/blog\/wp-json\/wp\/v2\/types\/page"}],"author":[{"embeddable":true,"href":"https:\/\/am-detailing.com\/blog\/wp-json\/wp\/v2\/users\/1"}],"replies":[{"embeddable":true,"href":"https:\/\/am-detailing.com\/blog\/wp-json\/wp\/v2\/comments?post=191"}],"version-history":[{"count":13,"href":"https:\/\/am-detailing.com\/blog\/wp-json\/wp\/v2\/pages\/191\/revisions"}],"predecessor-version":[{"id":437,"href":"https:\/\/am-detailing.com\/blog\/wp-json\/wp\/v2\/pages\/191\/revisions\/437"}],"wp:attachment":[{"href":"https:\/\/am-detailing.com\/blog\/wp-json\/wp\/v2\/media?parent=191"}],"curies":[{"name":"wp","href":"https:\/\/api.w.org\/{rel}","templated":true}]}}