{"id":343,"date":"2023-01-26T11:35:14","date_gmt":"2023-01-26T10:35:14","guid":{"rendered":"https:\/\/am-detailing.com\/blog\/?page_id=343"},"modified":"2023-01-26T15:36:35","modified_gmt":"2023-01-26T14:36:35","slug":"etapes-detailing","status":"publish","type":"page","link":"https:\/\/am-detailing.com\/blog\/academie\/etapes-detailing\/","title":{"rendered":"Les \u00e9tapes du detailing"},"content":{"rendered":"<div class=\"wpb-content-wrapper\"><p>[vc_row][vc_column][vc_column_text]<\/p>\n<h1 style=\"text-align: center;\">Les \u00e9tapes du detailing auto<\/h1>\n<p>[\/vc_column_text][vc_empty_space height=\u00a0\u00bb40px\u00a0\u00bb][\/vc_column][\/vc_row][vc_row][vc_column width=\u00a0\u00bb2\/3&Prime;][vc_column_text]<\/p>\n<h2>Le contexte<\/h2>\n<p>[\/vc_column_text][vc_column_text]Originaire des pays anglo-saxons et surtout des Etats-Unis, le <strong>detailing<\/strong> est une pratique visant \u00e0 <strong>restaurer<\/strong>, <strong>prot\u00e9ger<\/strong> et <strong>maintenir<\/strong> l&rsquo;\u00e9tat neuf d&rsquo;un v\u00e9hicule. Gr\u00e2ce \u00e0 une s\u00e9rie de techniques, associ\u00e9e \u00e0 des produits et accessoires tr\u00e8s sp\u00e9cifiques, le detailing permet de sublimer l&rsquo;aspect esth\u00e9tique de n&rsquo;importe quel v\u00e9hicule.<\/p>\n<p>Nous allons d\u00e9couvrir dans ce guide les \u00e9tapes permettant de r\u00e9aliser un detailing complet sur un v\u00e9hicule \u00e0 deux ou quatre roues.[\/vc_column_text][vc_column_text]<\/p>\n<h2>Qui sommes-nous ?<\/h2>\n<p>AM-Detailing est une entreprise belge qui a \u00e9t\u00e9 fond\u00e9e fin 2018. Nous nous sp\u00e9cialisons dans la vente en ligne et la fourniture de produits et accessoires de detailing auto en Belgique, en France et au Luxembourg. Notre boutique int\u00e8gre plus de 300 r\u00e9f\u00e9rences r\u00e9parties sur vingt des meilleures marques du secteur.<\/p>\n<p>Revendeur officiel <a href=\"https:\/\/am-detailing.com\/10_gyeon\" target=\"_blank\" rel=\"noopener\">Gyeon<\/a>, <a href=\"https:\/\/am-detailing.com\/16_fictech\" target=\"_blank\" rel=\"noopener\">Fictech<\/a> ou encore <a href=\"https:\/\/am-detailing.com\/15_sonax\" target=\"_blank\" rel=\"noopener\">SONAX<\/a>, nous r\u00e9pondons \u00e0 toutes les demandes des particuliers exigeants et des professionnels.[\/vc_column_text][vc_column_text]<\/p>\n<h2>Les 6 \u00e9tapes du detailing<\/h2>\n<p>Le detailing dans son ensemble se r\u00e9sume \u00e0 6 grandes \u00e9tapes, primordiales sur n&rsquo;importe quel v\u00e9hicule, et ce, malgr\u00e9 son \u00e9tat. Vous les d\u00e9couvrirez une par une dans ce guide.[\/vc_column_text][vc_column_text]<\/p>\n<h3>1 : Le pr\u00e9-lavage<\/h3>\n<p>Le pr\u00e9-lavage d&rsquo;un v\u00e9hicule est une \u00e9tape cruciale pour r\u00e9ussir un lavage (en r\u00e9duisant la formation de micro-rayures). La mousse active, pulv\u00e9ris\u00e9e \u00e0 l&rsquo;aide d&rsquo;un canon \u00e0 connecter \u00e0 un nettoyeur haute pression, va permettre de d\u00e9coller les salet\u00e9s \u00ab\u00a0lourdes\u00a0\u00bb sans le moindre contact m\u00e9canique sur les diff\u00e9rents supports du v\u00e9hicule.<\/p>\n<p>Lors d&rsquo;un pr\u00e9-lavage \u00ab\u00a0hard\u00a0\u00bb r\u00e9alis\u00e9 en amont d&rsquo;une restauration pouss\u00e9e, il est important de profiter de cette \u00e9tape pour nettoyer les zones difficiles d&rsquo;acc\u00e8s, comme les joints de fen\u00eatres, les raccords de panneaux ou encore la calandre. Cette t\u00e2che doit \u00eatre r\u00e9alis\u00e9e \u00e0 l&rsquo;aide de pinceaux extr\u00eamement doux.[\/vc_column_text][vc_btn title=\u00a0\u00bbNOS PRODUITS DE PRELAVAGE\u00a0\u00bb color=\u00a0\u00bbjuicy-pink\u00a0\u00bb align=\u00a0\u00bbcenter\u00a0\u00bb button_block=\u00a0\u00bbtrue\u00a0\u00bb link=\u00a0\u00bburl:https%3A%2F%2Fam-detailing.com%2F63-prelavage|target:_blank\u00a0\u00bb][vc_gallery interval=\u00a0\u00bb3&Prime; images=\u00a0\u00bb349,350&Prime; img_size=\u00a0\u00bbfull\u00a0\u00bb onclick=\u00a0\u00bb\u00a0\u00bb][vc_column_text]<\/p>\n<h3>2 : Le lavage<\/h3>\n<p>Une fois le v\u00e9hicule pr\u00e9-lav\u00e9 et m\u00e9ticuleusement rinc\u00e9, il est temps de s&rsquo;attaquer au nettoyage manuel classique. Celui-ci englobe plusieurs \u00e9tapes :<\/p>\n<h4>La technique des deux seaux<\/h4>\n<p>Tout bon lavage s&rsquo;effectue \u00e0 l&rsquo;aide de deux seaux, id\u00e9alement munis de grilles. Dans les faits, cette technique permet de r\u00e9duire de plus de 70% la formation de micro-rayures. Le premier seau doit \u00eatre rempli d&rsquo;eau claire. Il ne sert qu&rsquo;\u00e0 nettoyer le gant de lavage entre chaque panneau nettoy\u00e9. Le second est quant \u00e0 lui rempli d&rsquo;eau et est associ\u00e9 \u00e0 un shampoing de nettoyage. Apr\u00e8s avoir nettoy\u00e9 le gant dans le premier seau, il suffit de le plonger dans le second seau pour le \u00ab\u00a0charger\u00a0\u00bb de shampoing. Nous proposons des seaux d\u00e9di\u00e9s de grande qualit\u00e9, disponibles <a href=\"https:\/\/am-detailing.com\/accessoires\/seaux-grilles\/795-wash-bucket-kit-22l-liquid-elements.html\" target=\"_blank\" rel=\"noopener\">ici<\/a>. Concernant le gant de lavage, privil\u00e9giez un mod\u00e8le tr\u00e8s dense et de pr\u00e9f\u00e9rence en microfibre. Notre s\u00e9lection de gants de lavage est disponible <a href=\"https:\/\/am-detailing.com\/64-gants-et-eponges\" target=\"_blank\" rel=\"noopener\">ici<\/a>.<\/p>\n<p><img decoding=\"async\" class=\"alignnone size-full wp-image-354\" src=\"https:\/\/am-detailing.com\/blog\/wp-content\/uploads\/2023\/01\/am-detailing-deux-seaux.jpg\" alt=\"\" width=\"1500\" height=\"1000\" srcset=\"https:\/\/am-detailing.com\/blog\/wp-content\/uploads\/2023\/01\/am-detailing-deux-seaux.jpg 1500w, https:\/\/am-detailing.com\/blog\/wp-content\/uploads\/2023\/01\/am-detailing-deux-seaux-300x200.jpg 300w, https:\/\/am-detailing.com\/blog\/wp-content\/uploads\/2023\/01\/am-detailing-deux-seaux-1030x687.jpg 1030w, https:\/\/am-detailing.com\/blog\/wp-content\/uploads\/2023\/01\/am-detailing-deux-seaux-768x512.jpg 768w, https:\/\/am-detailing.com\/blog\/wp-content\/uploads\/2023\/01\/am-detailing-deux-seaux-750x500.jpg 750w, https:\/\/am-detailing.com\/blog\/wp-content\/uploads\/2023\/01\/am-detailing-deux-seaux-1140x760.jpg 1140w\" sizes=\"(max-width: 1500px) 100vw, 1500px\" \/><\/p>\n<h4>L&rsquo;essuyage<\/h4>\n<p>L&rsquo;essuyage du v\u00e9hicule est \u00e9galement important. Mal ex\u00e9cut\u00e9, il est la cause de micro-rayures. Veillez \u00e0 toujours utiliser des microfibres de qualit\u00e9 comme notre <a href=\"https:\/\/am-detailing.com\/accessoires\/microfibres\/687-microfibre-de-sechage-xl-am-detailing.html\" target=\"_blank\" rel=\"noopener\">microfibre de s\u00e9chage XL<\/a>. Vous pouvez \u00e9galement opter pour un souffleur propulsant de l&rsquo;air chaud filtr\u00e9 \u00e0 grande vitesse. D\u00e9couvrez notamment la gamme <a href=\"https:\/\/am-detailing.com\/23_blo-car-dryer\" target=\"_blank\" rel=\"noopener\">BLO<\/a>.[\/vc_column_text][vc_gallery interval=\u00a0\u00bb3&Prime; images=\u00a0\u00bb358,359&Prime; img_size=\u00a0\u00bbfull\u00a0\u00bb onclick=\u00a0\u00bb\u00a0\u00bb][vc_column_text]<\/p>\n<h3>3 : La d\u00e9contamination<\/h3>\n<p>Au fil des semaines, mois, ann\u00e9es, votre v\u00e9hicule sera expos\u00e9 aux conditions climatiques. \u00c0 terme, la pollution et d&rsquo;autres minuscules salet\u00e9s finissent par s&rsquo;incruster dans le vernis, alt\u00e9rant la brillance et emp\u00eachant une cire ou toute autre protection de tenir durablement.<\/p>\n<p>Malheureusement, les v\u00e9hicules neufs ne sont pas \u00e9pargn\u00e9s. Souvent stock\u00e9s en ext\u00e9rieur dans des zones industrielles en attendant leur livraison, ils ne doivent pas \u00e9chapper \u00e0 la d\u00e9contamination dans un processus de detailing complet.<\/p>\n<h4>Les signes d&rsquo;un v\u00e9hicule contamin\u00e9<\/h4>\n<p>En r\u00e8gle g\u00e9n\u00e9rale, un vernis contamin\u00e9 se ressent avec un toucher rugueux et par une baisse de la brillance globale. Ce dernier point est en revanche plus compliqu\u00e9 \u00e0 percevoir, car les effets de la contamination sur le vernis sont tr\u00e8s progressifs.<\/p>\n<h4>D\u00e9contamination chimique<\/h4>\n<p>Apr\u00e8s le lavage, dans le cadre d&rsquo;un detailing complet, il convient de r\u00e9aliser, dans un premier temps, une d\u00e9contamination chimique. <a href=\"https:\/\/am-detailing.com\/57-decontaminants-ferreux\" target=\"_blank\" rel=\"noopener\">Ces produits<\/a> vont dissoudre les particules ferreuses accumul\u00e9es sur le vernis et les autres \u00e9l\u00e9ments ext\u00e9rieurs du v\u00e9hicule. Le d\u00e9contaminant ferreux se pulv\u00e9rise sur un v\u00e9hicule propre, sec et plac\u00e9 \u00e0 l&rsquo;ombre. Le r\u00e9actif violet vous permettra de vous rendre compte du niveau de contamination du v\u00e9hicule.<\/p>\n<p><img decoding=\"async\" class=\"alignnone size-full wp-image-362\" src=\"https:\/\/am-detailing.com\/blog\/wp-content\/uploads\/2023\/01\/am-detailing-decontamination-chimique.jpg\" alt=\"\" width=\"1500\" height=\"1001\" srcset=\"https:\/\/am-detailing.com\/blog\/wp-content\/uploads\/2023\/01\/am-detailing-decontamination-chimique.jpg 1500w, https:\/\/am-detailing.com\/blog\/wp-content\/uploads\/2023\/01\/am-detailing-decontamination-chimique-300x200.jpg 300w, https:\/\/am-detailing.com\/blog\/wp-content\/uploads\/2023\/01\/am-detailing-decontamination-chimique-1030x687.jpg 1030w, https:\/\/am-detailing.com\/blog\/wp-content\/uploads\/2023\/01\/am-detailing-decontamination-chimique-768x513.jpg 768w, https:\/\/am-detailing.com\/blog\/wp-content\/uploads\/2023\/01\/am-detailing-decontamination-chimique-750x501.jpg 750w, https:\/\/am-detailing.com\/blog\/wp-content\/uploads\/2023\/01\/am-detailing-decontamination-chimique-1140x761.jpg 1140w\" sizes=\"(max-width: 1500px) 100vw, 1500px\" \/><\/p>\n<h4>D\u00e9contamination m\u00e9canique<\/h4>\n<p>Une fois le travail d\u00e9grossi \u00e0 l&rsquo;aide du d\u00e9contaminant ferreux, il ne reste plus qu&rsquo;\u00e0 r\u00e9aliser une d\u00e9contamination m\u00e9canique, \u00e0 l&rsquo;aide d&rsquo;une <a href=\"https:\/\/am-detailing.com\/32-clay-bar\" target=\"_blank\" rel=\"noopener\">barre d&rsquo;argile<\/a>.<\/p>\n<p>Obligatoire avant un polissage, cette \u00e9tape permet de purifier totalement le vernis des derni\u00e8res contaminations restantes sur le vernis et les vitres. Munissez-vous de votre barre d&rsquo;argile et d&rsquo;un <a href=\"https:\/\/am-detailing.com\/33-lubrifiants\" target=\"_blank\" rel=\"noopener\">lubrifiant sp\u00e9cifique<\/a> et effectuez une d\u00e9contamination. Il suffit d&rsquo;aplatir la barre et de passer sur le vernis en exer\u00e7ant une faible pression. Pensez \u00e0 pulv\u00e9riser suffisamment de lubrifiant sur la zone et \u00e0 malaxer r\u00e9guli\u00e8rement la clay bar pour d\u00e9gager une face propre. N&rsquo;h\u00e9sitez pas \u00e0 insister sur les zones ne devenant pas parfaitement lisses au passage de la barre.<img decoding=\"async\" class=\"alignnone size-full wp-image-365\" src=\"https:\/\/am-detailing.com\/blog\/wp-content\/uploads\/2023\/01\/am-detailing-decontamination-clay-bar.jpg\" alt=\"\" width=\"1500\" height=\"1001\" srcset=\"https:\/\/am-detailing.com\/blog\/wp-content\/uploads\/2023\/01\/am-detailing-decontamination-clay-bar.jpg 1500w, https:\/\/am-detailing.com\/blog\/wp-content\/uploads\/2023\/01\/am-detailing-decontamination-clay-bar-300x200.jpg 300w, https:\/\/am-detailing.com\/blog\/wp-content\/uploads\/2023\/01\/am-detailing-decontamination-clay-bar-1030x687.jpg 1030w, https:\/\/am-detailing.com\/blog\/wp-content\/uploads\/2023\/01\/am-detailing-decontamination-clay-bar-768x513.jpg 768w, https:\/\/am-detailing.com\/blog\/wp-content\/uploads\/2023\/01\/am-detailing-decontamination-clay-bar-750x501.jpg 750w, https:\/\/am-detailing.com\/blog\/wp-content\/uploads\/2023\/01\/am-detailing-decontamination-clay-bar-1140x761.jpg 1140w\" sizes=\"(max-width: 1500px) 100vw, 1500px\" \/>[\/vc_column_text][vc_column_text]<\/p>\n<h3>4 : Le polissage<\/h3>\n<p>Nous entrons maintenant dans le c\u0153ur de la restauration de vernis : le polissage. Accessible \u00e0 toutes et tous, cette \u00e9tape demande malgr\u00e9 tout du mat\u00e9riel sp\u00e9cifique et de bonnes bases en esth\u00e9tique automobile. Selon la duret\u00e9 de votre vernis et du niveau de finition souhait\u00e9, l&rsquo;\u00e9tape du polissage sera plus ou moins compliqu\u00e9e.<\/p>\n<p>Si vous souhaitez vous lancer dans le polissage en tant qu&rsquo;amateur, nous recommandons l&rsquo;achat d&rsquo;une polisseuse excentrique (orbitale). Cette derni\u00e8re vous offrira plus de s\u00e9curit\u00e9 et une meilleure finition qu&rsquo;une machine rotative. Vous pouvez par exemple opter pour la <a href=\"https:\/\/am-detailing.com\/polissage-correction\/polisseuses\/584-t4000-v2-15mm-liquid-elements.html\" target=\"_blank\" rel=\"noopener\">T4000 Liquid Elements<\/a>.<\/p>\n<p>Un polissage complet sur un v\u00e9hicule ayant quelques ann\u00e9es s&rsquo;ex\u00e9cute g\u00e9n\u00e9ralement par une succession de \u00ab\u00a0passes\u00a0\u00bb, r\u00e9alis\u00e9es avec des pads et p\u00e2tes de polissage plus ou moins agressifs. Il convient alors d&rsquo;entamer le polissage avec un compound et un pad dur afin de supprimer les gros d\u00e9fauts. Il faut ensuite ex\u00e9cuter une ou deux autres passes avec des polish plus fins pour ramener du brillant et obtenir le tant d\u00e9sir\u00e9 \u00ab\u00a0effet miroir\u00a0\u00bb.<\/p>\n<p>Au terme du polissage, il est primordial de d\u00e9graisser le v\u00e9hicule \u00e0 l&rsquo;aide d&rsquo;un <a href=\"https:\/\/am-detailing.com\/25-cleaner\" target=\"_blank\" rel=\"noopener\">cleaner\u00a0<\/a>, \u00e0 base d&rsquo;alcool. Il permet de supprimer les huiles de polish afin de permettre \u00e0 une \u00e9ventuelle protection de bien s&rsquo;accrocher au vernis.[\/vc_column_text][vc_gallery interval=\u00a0\u00bb3&Prime; images=\u00a0\u00bb369,370&Prime; img_size=\u00a0\u00bbfull\u00a0\u00bb onclick=\u00a0\u00bb\u00a0\u00bb][vc_column_text]<\/p>\n<h3>5 : La protection<\/h3>\n<p>La protection est le meilleur moyen de sublimer le v\u00e9hicule apr\u00e8s avoir r\u00e9alis\u00e9 toutes les \u00e9tapes pr\u00e9alables. De plus, elle est aussi un bon moyen de prot\u00e9ger le vernis de la contamination et, dans une certaine mesure, des micro-rayures.<\/p>\n<p>Il existe maintenant trois grandes familles de protections, r\u00e9pondant \u00e0 tous les besoins et \u00e0 tous les budgets.<\/p>\n<h4>Les cires<\/h4>\n<p>Il s&rsquo;agit probablement de la m\u00e9thode de protection la plus connue de tous. Une cire permet d&rsquo;apporter de la brillance et un effet hydrophobe au vernis. Malgr\u00e9 une dur\u00e9e de vie pouvant aller de quelques semaines \u00e0 plusieurs mois, elle est aujourd&rsquo;hui consid\u00e9r\u00e9e comme une solution simple et abordable de prot\u00e9ger un vernis. Nous vous conseillons par exemple la <a href=\"https:\/\/am-detailing.com\/protections-et-cires\/cires-synthetiques\/473-fusso-coat-12-months.html\" target=\"_blank\" rel=\"noopener\">Fusso Coat<\/a> de Soft99.<\/p>\n<h4>Les rev\u00eatements c\u00e9ramique<\/h4>\n<p>Il s&rsquo;agit de la protection en vogue. Plus compliqu\u00e9e \u00e0 poser et plus ch\u00e8re qu&rsquo;une cire, elle se d\u00e9marque avec une dur\u00e9e de vie nettement sup\u00e9rieure (au minimum 24 mois en r\u00e8gle g\u00e9n\u00e9rale) et une brillance incroyable. Elle demande cependant de l&rsquo;exp\u00e9rience et des conditions de pose tr\u00e8s strictes. Nous proposons par exemple la <a href=\"https:\/\/am-detailing.com\/38-protections-ceramique?q=Marque-Fictech\" target=\"_blank\" rel=\"noopener\">gamme Car Lift de Fictech<\/a>, r\u00e9put\u00e9e pour sa facilit\u00e9 de pose et ses effets de protection.<\/p>\n<h4>Le film PPF<\/h4>\n<p>Le film PPF (\u00e0 ne pas confondre avec un simple covering) est aujourd&rsquo;hui consid\u00e9r\u00e9 comme le graal de la protection automobile. Contrairement aux deux autres solutions, celle-ci a pour avantage de v\u00e9ritablement prot\u00e9ger le v\u00e9hicule des griffes, impacts de cailloux et des d\u00e9fauts. Malheureusement, les co\u00fbts s&rsquo;envolent pour couvrir compl\u00e8tement un v\u00e9hicule, ne rendant l&rsquo;op\u00e9ration \u00ab\u00a0rentable\u00a0\u00bb que sur des v\u00e9hicules d&rsquo;un certain standing.<\/p>\n<p>Ces films sont g\u00e9n\u00e9ralement infus\u00e9s en c\u00e9ramique et b\u00e9n\u00e9ficient d&rsquo;un traitement auto-cicatrisant, capable d&rsquo;effacer les d\u00e9fauts g\u00e9n\u00e9r\u00e9s au quotidien.[\/vc_column_text][vc_column_text]<\/p>\n<h3>6 : La finition et la maintenance<\/h3>\n<p>Une fois l&rsquo;ensemble du processus termin\u00e9, il ne reste plus qu&rsquo;\u00e0 fignoler les d\u00e9tails (polir les jantes, prot\u00e9ger les plastiques, &#8230;) et \u00e0 laisser s\u00e9cher les diff\u00e9rents traitements pos\u00e9s.<\/p>\n<p>Pour conserver le niveau de d\u00e9tail atteint gr\u00e2ce aux \u00e9tapes du detailing, il est maintenant important de s&rsquo;\u00e9quiper des produits ad\u00e9quats et d&rsquo;adopter les bons gestes :<\/p>\n<ul>\n<li>Laver son v\u00e9hicule avec des produits \u00ab\u00a0Wax-Safe\u00a0\u00bb<\/li>\n<li>Eviter les car wash et leurs produits agressifs (en g\u00e9n\u00e9ral)<\/li>\n<li>Respecter les \u00e9tapes de pr\u00e9lavage<\/li>\n<li>Toujours utiliser la technique des deux seaux<\/li>\n<\/ul>\n<p>[\/vc_column_text][vc_column_text]<\/p>\n<h2>Conclusion<\/h2>\n<p>Nous esp\u00e9rons que ce guide vous aura permis de mieux cerner les tenants et aboutissants du detailing. Contrairement \u00e0 beaucoup d&rsquo;id\u00e9es re\u00e7ues, les \u00ab\u00a0r\u00e8gles\u00a0\u00bb du detailing ne d\u00e9coulent finalement que du bon sens et de l&rsquo;utilisation de proc\u00e9d\u00e9s et produits sp\u00e9cifiques.<\/p>\n<p>Nous nous tenons d&rsquo;ailleurs \u00e0 votre disposition pour vous conseiller dans l&rsquo;achat de vos produits et accessoires de detailing.[\/vc_column_text][vc_btn title=\u00a0\u00bbVISITER LA BOUTIQUE\u00a0\u00bb color=\u00a0\u00bbjuicy-pink\u00a0\u00bb align=\u00a0\u00bbcenter\u00a0\u00bb button_block=\u00a0\u00bbtrue\u00a0\u00bb link=\u00a0\u00bburl:https%3A%2F%2Fam-detailing.com|target:_blank\u00a0\u00bb][\/vc_column][vc_column width=\u00a0\u00bb1\/3&Prime; sticky_sidebar=\u00a0\u00bbyes\u00a0\u00bb offset=\u00a0\u00bbvc_hidden-xs\u00a0\u00bb][vc_widget_sidebar sidebar_id=\u00a0\u00bbdefault-sidebar\u00a0\u00bb][\/vc_column][\/vc_row]<\/p>\n<\/div>","protected":false},"excerpt":{"rendered":"<p>[vc_row][vc_column][vc_column_text] Les \u00e9tapes du detailing auto [\/vc_column_text][vc_empty_space height=\u00a0\u00bb40px\u00a0\u00bb][\/vc_column][\/vc_row][vc_row][vc_column width=\u00a0\u00bb2\/3&Prime;][vc_column_text] Le contexte [\/vc_column_text][vc_column_text]Originaire des pays anglo-saxons et surtout des Etats-Unis, le detailing est une pratique visant \u00e0 restaurer, prot\u00e9ger et maintenir l&rsquo;\u00e9tat neuf d&rsquo;un v\u00e9hicule. Gr\u00e2ce \u00e0 une s\u00e9rie de techniques, associ\u00e9e \u00e0 des produits et accessoires tr\u00e8s sp\u00e9cifiques, le detailing permet de sublimer l&rsquo;aspect esth\u00e9tique [&hellip;]<\/p>\n","protected":false},"author":1,"featured_media":350,"parent":339,"menu_order":0,"comment_status":"closed","ping_status":"closed","template":"template-index.php","meta":{"_seopress_robots_primary_cat":"","_seopress_titles_title":"Le guide du detailing - Les \u00e9tapes - Acad\u00e9mie AM-Detailing","_seopress_titles_desc":"Parcourez notre guide complet du detailing. Apprenez les bases de la cosm\u00e9tique auto et trouvez les bons produits et accessoires pour sublimer votre v\u00e9hicule. ","_seopress_robots_index":"","footnotes":""},"class_list":["post-343","page","type-page","status-publish","has-post-thumbnail","hentry"],"_links":{"self":[{"href":"https:\/\/am-detailing.com\/blog\/wp-json\/wp\/v2\/pages\/343","targetHints":{"allow":["GET"]}}],"collection":[{"href":"https:\/\/am-detailing.com\/blog\/wp-json\/wp\/v2\/pages"}],"about":[{"href":"https:\/\/am-detailing.com\/blog\/wp-json\/wp\/v2\/types\/page"}],"author":[{"embeddable":true,"href":"https:\/\/am-detailing.com\/blog\/wp-json\/wp\/v2\/users\/1"}],"replies":[{"embeddable":true,"href":"https:\/\/am-detailing.com\/blog\/wp-json\/wp\/v2\/comments?post=343"}],"version-history":[{"count":22,"href":"https:\/\/am-detailing.com\/blog\/wp-json\/wp\/v2\/pages\/343\/revisions"}],"predecessor-version":[{"id":378,"href":"https:\/\/am-detailing.com\/blog\/wp-json\/wp\/v2\/pages\/343\/revisions\/378"}],"up":[{"embeddable":true,"href":"https:\/\/am-detailing.com\/blog\/wp-json\/wp\/v2\/pages\/339"}],"wp:featuredmedia":[{"embeddable":true,"href":"https:\/\/am-detailing.com\/blog\/wp-json\/wp\/v2\/media\/350"}],"wp:attachment":[{"href":"https:\/\/am-detailing.com\/blog\/wp-json\/wp\/v2\/media?parent=343"}],"curies":[{"name":"wp","href":"https:\/\/api.w.org\/{rel}","templated":true}]}}